{"id":45,"date":"2022-02-08T14:35:59","date_gmt":"2022-02-08T13:35:59","guid":{"rendered":"https:\/\/albayalde.org\/equipe\/"},"modified":"2022-03-09T13:39:56","modified_gmt":"2022-03-09T12:39:56","slug":"equipe","status":"publish","type":"page","link":"https:\/\/albayalde.org\/fr\/equipo\/equipe\/","title":{"rendered":"\u00c9quipe"},"content":{"rendered":"<section class=\"l-section wpb_row height_small\"><div class=\"l-section-h i-cf\"><div class=\"g-cols vc_row via_flex valign_top type_default stacking_default\"><div class=\"vc_col-sm-12 wpb_column vc_column_container\"><div class=\"vc_column-inner\"><div class=\"wpb_wrapper\"><h2 class=\"w-post-elm post_title us_custom_431b3237 entry-title color_link_inherit\">\u00c9quipe<\/h2><div class=\"wpb_text_column\"><div class=\"wpb_wrapper\"><p>Les responsables d\u2019Albayalde, <u>Maite Barrio Olano<\/u> et <u>Ion Berasain Salvarredi<\/u>, ont une ample formation universitaire, avec de licences en histoire de l&rsquo;art, Master et dipl\u00f4mes en conservation-restauration et mus\u00e9ologie par des centres de formation de France, Espagne et Italie.<\/p>\n<\/div><\/div><div class=\"wpb_text_column\"><div class=\"wpb_wrapper\"><p>Pour mener \u00e0 bien leurs projets ils \u00e9tablissent des collaborations avec des sp\u00e9cialistes de diverses disciplines, des conservateurs, des restaurateurs, des architectes, des historiens de l&rsquo;art, des arch\u00e9ologues, des ing\u00e9nieurs, des documentalistes, des dendrochronologues, des chimistes et des scientifiques en g\u00e9n\u00e9ral, ayant aussi une vaste exp\u00e9rience en gestion d&rsquo;\u00e9quipes multidisciplinaires.<\/p>\n<\/div><\/div><\/div><\/div><\/div><\/div><\/div><\/section><section class=\"l-section wpb_row height_small\"><div class=\"l-section-h i-cf\"><div class=\"g-cols vc_row via_flex valign_top type_default stacking_default\"><div class=\"vc_col-sm-6 wpb_column vc_column_container\"><div class=\"vc_column-inner\"><div class=\"wpb_wrapper\"><div class=\"wpb_text_column\"><div class=\"wpb_wrapper\"><p><strong>Maite Barrio Olano<\/strong><\/p>\n<p>Ma\u00eetrise en Histoire de l&rsquo;Art et Arch\u00e9ologie. Universit\u00e9 de Paris IV-Sorbonne, sp\u00e9cialis\u00e9e dans l&rsquo;art contemporain.<\/p>\n<p>Licence et Master en Sciences Techniques, Conservation de Biens Culturels. Universit\u00e9 de Paris I-Panth\u00e9on-Sorbonne.<\/p>\n<p>Dipl\u00f4me en Conservation y Restauration d\u2019\u0152uvres d\u2019Art. Universit\u00e9 Internationale de l\u2019Art. Florence. Sp\u00e9cialit\u00e9: Peinture murale et peinture de chevalet (toile et panneau).<\/p>\n<p>Dipl\u00f4me en Mus\u00e9ologie, Universit\u00e9 Internationale de l\u2019Art. Florence.<\/p>\n<p>Stage de formation \u00e0 l&rsquo;Institut Royal du Patrimoine Artistique de Bruxelles (KIK\/IRPA)<\/p>\n<p>Formation continue (cours, s\u00e9minaires et conf\u00e9rences).<\/p>\n<p>Membre de l&rsquo;ICOM (International Council of Museums), SFIIC (Section fran\u00e7aise IIC), membre du conseil du GEIIC (Groupe espagnol de IIC), et membre du comit\u00e9 scientifique de la publication Ge-conservaci\u00f3n.<\/p>\n<\/div><\/div><\/div><\/div><\/div><div class=\"vc_col-sm-6 wpb_column vc_column_container\"><div class=\"vc_column-inner\"><div class=\"wpb_wrapper\"><div class=\"wpb_text_column\"><div class=\"wpb_wrapper\"><p><strong>Ion Berasain Salvarredi<\/strong><\/p>\n<p>Licence en Histoire de l&rsquo;Art \u00e0 l&rsquo;Universit\u00e9 Autonome de Madrid.<\/p>\n<p>Dipl\u00f4me en Conservation y Restauration d\u2019\u0152uvres d\u2019Art. Universit\u00e9 Internationale de l\u2019Art. Florence. Sp\u00e9cialit\u00e9: Peinture murale et peinture de chevalet (toile et panneau).<\/p>\n<p>Dipl\u00f4me en Mus\u00e9ologie, Universit\u00e9 Internationale de l\u2019Art. Florence.<\/p>\n<p>Dipl\u00f4me de Restauration par le Centre de Restauration des \u0152uvres d&rsquo;art de Madrid.<\/p>\n<p>Formation continue (cours, s\u00e9minaires et conf\u00e9rences).<\/p>\n<p>Membre de l&rsquo;ICOM (International Council of Museums), IIC (International Institut of Conservation), GEIIC, (Groupe espagnol IIC); Eusko Ikaskuntza (EI).<\/p>\n<\/div><\/div><\/div><\/div><\/div><\/div><\/div><\/section>\n","protected":false},"excerpt":{"rendered":"\u00c9quipeLes responsables d\u2019Albayalde, Maite Barrio Olano et Ion Berasain Salvarredi, ont une ample formation universitaire, avec de licences en histoire de l&rsquo;art, Master et dipl\u00f4mes en conservation-restauration et mus\u00e9ologie par des centres de formation de France, Espagne et Italie. Pour mener \u00e0 bien leurs projets ils \u00e9tablissent des collaborations avec des sp\u00e9cialistes de diverses disciplines,...","protected":false},"author":1,"featured_media":0,"parent":36,"menu_order":0,"comment_status":"closed","ping_status":"closed","template":"","meta":{"_acf_changed":false,"footnotes":""},"class_list":["post-45","page","type-page","status-publish","hentry"],"acf":[],"_links":{"self":[{"href":"https:\/\/albayalde.org\/fr\/wp-json\/wp\/v2\/pages\/45","targetHints":{"allow":["GET"]}}],"collection":[{"href":"https:\/\/albayalde.org\/fr\/wp-json\/wp\/v2\/pages"}],"about":[{"href":"https:\/\/albayalde.org\/fr\/wp-json\/wp\/v2\/types\/page"}],"author":[{"embeddable":true,"href":"https:\/\/albayalde.org\/fr\/wp-json\/wp\/v2\/users\/1"}],"replies":[{"embeddable":true,"href":"https:\/\/albayalde.org\/fr\/wp-json\/wp\/v2\/comments?post=45"}],"version-history":[{"count":7,"href":"https:\/\/albayalde.org\/fr\/wp-json\/wp\/v2\/pages\/45\/revisions"}],"predecessor-version":[{"id":10005,"href":"https:\/\/albayalde.org\/fr\/wp-json\/wp\/v2\/pages\/45\/revisions\/10005"}],"up":[{"embeddable":true,"href":"https:\/\/albayalde.org\/fr\/wp-json\/wp\/v2\/pages\/36"}],"wp:attachment":[{"href":"https:\/\/albayalde.org\/fr\/wp-json\/wp\/v2\/media?parent=45"}],"curies":[{"name":"wp","href":"https:\/\/api.w.org\/{rel}","templated":true}]}}