{"id":4354,"date":"2022-02-08T15:25:50","date_gmt":"2022-02-08T14:25:50","guid":{"rendered":"https:\/\/albayalde.org\/publications\/"},"modified":"2022-12-07T11:54:41","modified_gmt":"2022-12-07T10:54:41","slug":"publications","status":"publish","type":"page","link":"https:\/\/albayalde.org\/fr\/publications\/","title":{"rendered":"Publications"},"content":{"rendered":"<section class=\"l-section wpb_row height_small\"><div class=\"l-section-h i-cf\"><div class=\"g-cols vc_row via_flex valign_top type_default stacking_default\"><div class=\"vc_col-sm-12 wpb_column vc_column_container\"><div class=\"vc_column-inner\"><div class=\"wpb_wrapper\"><h2 class=\"w-post-elm post_title us_custom_431b3237 entry-title color_link_inherit\">Publications<\/h2><div class=\"w-separator size_small\"><\/div><div class=\"w-grid us_grid type_grid layout_10042 cols_4 pagination_infinite overflow_hidden preload_style_spinner\" id=\"us_grid_1\" style=\"--columns:4;--gap:1.5rem;\" data-filterable=\"true\"><style>@media (max-width:1280px){#us_grid_1{--columns:3!important}}@media (max-width:1024px){#us_grid_1{--columns:2!important}}@media (max-width:600px){#us_grid_1{--columns:1!important}}.layout_10042 .w-grid-item-h{background:var(--color-content-bg);color:var(--color-content-heading)}.layout_10042 .usg_post_title_1{color:inherit!important;font-weight:400!important;text-transform:none!important}.layout_10042 .usg_vwrapper_1{padding:0.5rem!important}@media (max-width:600px){.layout_10042 .usg_post_title_1{font-size:1.2rem!important}}<\/style><div class=\"w-grid-list\">\t<article class=\"w-grid-item size_1x1 post-17919 publicaciones type-publicaciones status-publish has-post-thumbnail hentry\" data-id=\"17919\">\r\n\t\t<div class=\"w-grid-item-h\">\r\n\t\t\t\t\t\t<div class=\"w-vwrapper usg_vwrapper_1 align_center valign_top\"><div class=\"w-post-elm post_image usg_post_image_1 has_ratio\"><a href=\"https:\/\/albayalde.org\/fr\/publicaciones\/2024-la-tabla-votiva-de-juan-martinez-de-mendaro\/\" aria-label=\"2024 &#8211; La tablette votive de Juan Mart\u00ednez de Mendaro\"><img decoding=\"async\" width=\"243\" height=\"300\" data-src=\"https:\/\/albayalde.org\/wp-content\/uploads\/2024\/10\/IMG_7073-243x300.jpg\" class=\"attachment-medium size-medium wp-post-image lazyload\" alt=\"\" src=\"data:image\/svg+xml;base64,PHN2ZyB3aWR0aD0iMSIgaGVpZ2h0PSIxIiB4bWxucz0iaHR0cDovL3d3dy53My5vcmcvMjAwMC9zdmciPjwvc3ZnPg==\" style=\"--smush-placeholder-width: 243px; --smush-placeholder-aspect-ratio: 243\/300;\"><\/a><div style=\"padding-bottom:133.3333%\"><\/div><\/div><p class=\"w-post-elm post_title usg_post_title_1 has_text_color align_center entry-title color_link_inherit\"><a href=\"https:\/\/albayalde.org\/fr\/publicaciones\/2024-la-tabla-votiva-de-juan-martinez-de-mendaro\/\">2024 &#8211; La tablette votive de Juan Mart\u00ednez de Mendaro<\/a><\/p><\/div>\t\t<\/div>\r\n\t\t\t<\/article>\r\n\t<article class=\"w-grid-item size_1x1 post-16200 publicaciones type-publicaciones status-publish has-post-thumbnail hentry\" data-id=\"16200\">\r\n\t\t<div class=\"w-grid-item-h\">\r\n\t\t\t\t\t\t<div class=\"w-vwrapper usg_vwrapper_1 align_center valign_top\"><div class=\"w-post-elm post_image usg_post_image_1 has_ratio\"><a href=\"https:\/\/albayalde.org\/fr\/publicaciones\/2024-gesso-versus-craie\/\" aria-label=\"2024 &#8211; Gesso versus craie\"><img decoding=\"async\" width=\"237\" height=\"300\" data-src=\"https:\/\/albayalde.org\/wp-content\/uploads\/2024\/06\/15d0b2ac-9235-47d5-8933-6adbd95623bd-237x300.jpg\" class=\"attachment-medium size-medium wp-post-image lazyload\" alt=\"\" src=\"data:image\/svg+xml;base64,PHN2ZyB3aWR0aD0iMSIgaGVpZ2h0PSIxIiB4bWxucz0iaHR0cDovL3d3dy53My5vcmcvMjAwMC9zdmciPjwvc3ZnPg==\" style=\"--smush-placeholder-width: 237px; --smush-placeholder-aspect-ratio: 237\/300;\"><\/a><div style=\"padding-bottom:133.3333%\"><\/div><\/div><p class=\"w-post-elm post_title usg_post_title_1 has_text_color align_center entry-title color_link_inherit\"><a href=\"https:\/\/albayalde.org\/fr\/publicaciones\/2024-gesso-versus-craie\/\">2024 &#8211; Gesso versus craie<\/a><\/p><\/div>\t\t<\/div>\r\n\t\t\t<\/article>\r\n\t<article class=\"w-grid-item size_1x1 post-15226 publicaciones type-publicaciones status-publish has-post-thumbnail hentry\" data-id=\"15226\">\r\n\t\t<div class=\"w-grid-item-h\">\r\n\t\t\t\t\t\t<div class=\"w-vwrapper usg_vwrapper_1 align_center valign_top\"><div class=\"w-post-elm post_image usg_post_image_1 has_ratio\"><a href=\"https:\/\/albayalde.org\/fr\/publicaciones\/gestion-des-risques-et-des-urgences-dans-le-domaine-du-patrimoine-culturel-plans-de-sauvegarde\/\" aria-label=\"2023 &#8211; Gestion des risques et des urgences dans le domaine du patrimoine culturel. Plans de sauvegarde\"><img decoding=\"async\" width=\"210\" height=\"300\" data-src=\"https:\/\/albayalde.org\/wp-content\/uploads\/2024\/04\/60157-210x300.jpg\" class=\"attachment-medium size-medium wp-post-image lazyload\" alt=\"\" src=\"data:image\/svg+xml;base64,PHN2ZyB3aWR0aD0iMSIgaGVpZ2h0PSIxIiB4bWxucz0iaHR0cDovL3d3dy53My5vcmcvMjAwMC9zdmciPjwvc3ZnPg==\" style=\"--smush-placeholder-width: 210px; --smush-placeholder-aspect-ratio: 210\/300;\"><\/a><div style=\"padding-bottom:133.3333%\"><\/div><\/div><p class=\"w-post-elm post_title usg_post_title_1 has_text_color align_center entry-title color_link_inherit\"><a href=\"https:\/\/albayalde.org\/fr\/publicaciones\/gestion-des-risques-et-des-urgences-dans-le-domaine-du-patrimoine-culturel-plans-de-sauvegarde\/\">2023 &#8211; Gestion des risques et des urgences dans le domaine du patrimoine culturel. Plans de sauvegarde<\/a><\/p><\/div>\t\t<\/div>\r\n\t\t\t<\/article>\r\n\t<article class=\"w-grid-item size_1x1 post-15194 publicaciones type-publicaciones status-publish has-post-thumbnail hentry\" data-id=\"15194\">\r\n\t\t<div class=\"w-grid-item-h\">\r\n\t\t\t\t\t\t<div class=\"w-vwrapper usg_vwrapper_1 align_center valign_top\"><div class=\"w-post-elm post_image usg_post_image_1 has_ratio\"><a href=\"https:\/\/albayalde.org\/fr\/publicaciones\/relations-public-prive-entre-les-musees-et-les-industries-creatives\/\" aria-label=\"2023 &#8211; Relations public-priv\u00e9 entre les mus\u00e9es et les industries cr\u00e9atives\"><img decoding=\"async\" width=\"214\" height=\"300\" data-src=\"https:\/\/albayalde.org\/wp-content\/uploads\/2024\/04\/65371-214x300.jpg\" class=\"attachment-medium size-medium wp-post-image lazyload\" alt=\"\" src=\"data:image\/svg+xml;base64,PHN2ZyB3aWR0aD0iMSIgaGVpZ2h0PSIxIiB4bWxucz0iaHR0cDovL3d3dy53My5vcmcvMjAwMC9zdmciPjwvc3ZnPg==\" style=\"--smush-placeholder-width: 214px; --smush-placeholder-aspect-ratio: 214\/300;\"><\/a><div style=\"padding-bottom:133.3333%\"><\/div><\/div><p class=\"w-post-elm post_title usg_post_title_1 has_text_color align_center entry-title color_link_inherit\"><a href=\"https:\/\/albayalde.org\/fr\/publicaciones\/relations-public-prive-entre-les-musees-et-les-industries-creatives\/\">2023 &#8211; Relations public-priv\u00e9 entre les mus\u00e9es et les industries cr\u00e9atives<\/a><\/p><\/div>\t\t<\/div>\r\n\t\t\t<\/article>\r\n\t<article class=\"w-grid-item size_1x1 post-12433 publicaciones type-publicaciones status-publish has-post-thumbnail hentry\" data-id=\"12433\">\r\n\t\t<div class=\"w-grid-item-h\">\r\n\t\t\t\t\t\t<div class=\"w-vwrapper usg_vwrapper_1 align_center valign_top\"><div class=\"w-post-elm post_image usg_post_image_1 has_ratio\"><a href=\"https:\/\/albayalde.org\/fr\/publicaciones\/gordailua-centro-de-colecciones-patrimoniales-de-gipuzkoa-diez-anos-de-una-realidad-compartida\/\" aria-label=\"2022 &#8211; Gordailua, Centre des collections du patrimoine de Gipuzkoa : dix ans d&rsquo;une r\u00e9alit\u00e9 partag\u00e9e\"><img decoding=\"async\" width=\"268\" height=\"300\" data-src=\"https:\/\/albayalde.org\/wp-content\/uploads\/2022\/11\/Gordailua-centro-de-colecciones-patrimoniales_diez-anos-de-realidad-compartida-268x300.jpg\" class=\"attachment-medium size-medium wp-post-image lazyload\" alt=\"\" src=\"data:image\/svg+xml;base64,PHN2ZyB3aWR0aD0iMSIgaGVpZ2h0PSIxIiB4bWxucz0iaHR0cDovL3d3dy53My5vcmcvMjAwMC9zdmciPjwvc3ZnPg==\" style=\"--smush-placeholder-width: 268px; --smush-placeholder-aspect-ratio: 268\/300;\"><\/a><div style=\"padding-bottom:133.3333%\"><\/div><\/div><p class=\"w-post-elm post_title usg_post_title_1 has_text_color align_center entry-title color_link_inherit\"><a href=\"https:\/\/albayalde.org\/fr\/publicaciones\/gordailua-centro-de-colecciones-patrimoniales-de-gipuzkoa-diez-anos-de-una-realidad-compartida\/\">2022 &#8211; Gordailua, Centre des collections du patrimoine de Gipuzkoa : dix ans d&rsquo;une r\u00e9alit\u00e9 partag\u00e9e<\/a><\/p><\/div>\t\t<\/div>\r\n\t\t\t<\/article>\r\n\t<article class=\"w-grid-item size_1x1 post-15156 publicaciones type-publicaciones status-publish has-post-thumbnail hentry\" data-id=\"15156\">\r\n\t\t<div class=\"w-grid-item-h\">\r\n\t\t\t\t\t\t<div class=\"w-vwrapper usg_vwrapper_1 align_center valign_top\"><div class=\"w-post-elm post_image usg_post_image_1 has_ratio\"><a href=\"https:\/\/albayalde.org\/fr\/publicaciones\/estudios-previos-a-la-creacion-de-un-area-de-almacenaje-de-bienes-culturales\/\" aria-label=\"2022 &#8211; \u00c9tudes et r\u00e9flexions pr\u00e9alables \u00e0 la cr\u00e9ation et \u00e0 la conception d&rsquo;un espace de stockage de biens culturels.\"><img decoding=\"async\" width=\"286\" height=\"300\" data-src=\"https:\/\/albayalde.org\/wp-content\/uploads\/2022\/11\/77036-286x300.jpg\" class=\"attachment-medium size-medium wp-post-image lazyload\" alt=\"\" src=\"data:image\/svg+xml;base64,PHN2ZyB3aWR0aD0iMSIgaGVpZ2h0PSIxIiB4bWxucz0iaHR0cDovL3d3dy53My5vcmcvMjAwMC9zdmciPjwvc3ZnPg==\" style=\"--smush-placeholder-width: 286px; --smush-placeholder-aspect-ratio: 286\/300;\"><\/a><div style=\"padding-bottom:133.3333%\"><\/div><\/div><p class=\"w-post-elm post_title usg_post_title_1 has_text_color align_center entry-title color_link_inherit\"><a href=\"https:\/\/albayalde.org\/fr\/publicaciones\/estudios-previos-a-la-creacion-de-un-area-de-almacenaje-de-bienes-culturales\/\">2022 &#8211; \u00c9tudes et r\u00e9flexions pr\u00e9alables \u00e0 la cr\u00e9ation et \u00e0 la conception d&rsquo;un espace de stockage de biens culturels.<\/a><\/p><\/div>\t\t<\/div>\r\n\t\t\t<\/article>\r\n\t<article class=\"w-grid-item size_1x1 post-15906 publicaciones type-publicaciones status-publish has-post-thumbnail hentry\" data-id=\"15906\">\r\n\t\t<div class=\"w-grid-item-h\">\r\n\t\t\t\t\t\t<div class=\"w-vwrapper usg_vwrapper_1 align_center valign_top\"><div class=\"w-post-elm post_image usg_post_image_1 has_ratio\"><a href=\"https:\/\/albayalde.org\/fr\/publicaciones\/2022-conferencia-aprendiendo-en-la-web-retablos-escultoricos-tardogoticos-en-euskadi\/\" aria-label=\"2022 &#8211; Conf\u00e9rence : Apprendre sur le Web : Retables sculpturaux du gothique tardif au Pays basque\"><img decoding=\"async\" width=\"300\" height=\"173\" data-src=\"https:\/\/albayalde.org\/wp-content\/uploads\/2022\/05\/IMG_6691-300x173.jpg\" class=\"attachment-medium size-medium wp-post-image lazyload\" alt=\"\" src=\"data:image\/svg+xml;base64,PHN2ZyB3aWR0aD0iMSIgaGVpZ2h0PSIxIiB4bWxucz0iaHR0cDovL3d3dy53My5vcmcvMjAwMC9zdmciPjwvc3ZnPg==\" style=\"--smush-placeholder-width: 300px; --smush-placeholder-aspect-ratio: 300\/173;\"><\/a><div style=\"padding-bottom:133.3333%\"><\/div><\/div><p class=\"w-post-elm post_title usg_post_title_1 has_text_color align_center entry-title color_link_inherit\"><a href=\"https:\/\/albayalde.org\/fr\/publicaciones\/2022-conferencia-aprendiendo-en-la-web-retablos-escultoricos-tardogoticos-en-euskadi\/\">2022 &#8211; Conf\u00e9rence : Apprendre sur le Web : Retables sculpturaux du gothique tardif au Pays basque<\/a><\/p><\/div>\t\t<\/div>\r\n\t\t\t<\/article>\r\n\t<article class=\"w-grid-item size_1x1 post-15160 publicaciones type-publicaciones status-publish has-post-thumbnail hentry\" data-id=\"15160\">\r\n\t\t<div class=\"w-grid-item-h\">\r\n\t\t\t\t\t\t<div class=\"w-vwrapper usg_vwrapper_1 align_center valign_top\"><div class=\"w-post-elm post_image usg_post_image_1 has_ratio\"><a href=\"https:\/\/albayalde.org\/fr\/publicaciones\/premio-crianza-geiic-2021\/\" aria-label=\"2022 &#8211; Prix Crianza GEIIC 2021\"><img decoding=\"async\" width=\"300\" height=\"256\" data-src=\"https:\/\/albayalde.org\/wp-content\/uploads\/2024\/04\/34467-300x256.jpg\" class=\"attachment-medium size-medium wp-post-image lazyload\" alt=\"\" src=\"data:image\/svg+xml;base64,PHN2ZyB3aWR0aD0iMSIgaGVpZ2h0PSIxIiB4bWxucz0iaHR0cDovL3d3dy53My5vcmcvMjAwMC9zdmciPjwvc3ZnPg==\" style=\"--smush-placeholder-width: 300px; --smush-placeholder-aspect-ratio: 300\/256;\"><\/a><div style=\"padding-bottom:133.3333%\"><\/div><\/div><p class=\"w-post-elm post_title usg_post_title_1 has_text_color align_center entry-title color_link_inherit\"><a href=\"https:\/\/albayalde.org\/fr\/publicaciones\/premio-crianza-geiic-2021\/\">2022 &#8211; Prix Crianza GEIIC 2021<\/a><\/p><\/div>\t\t<\/div>\r\n\t\t\t<\/article>\r\n\t<article class=\"w-grid-item size_1x1 post-15954 publicaciones type-publicaciones status-publish has-post-thumbnail hentry\" data-id=\"15954\">\r\n\t\t<div class=\"w-grid-item-h\">\r\n\t\t\t\t\t\t<div class=\"w-vwrapper usg_vwrapper_1 align_center valign_top\"><div class=\"w-post-elm post_image usg_post_image_1 has_ratio\"><a href=\"https:\/\/albayalde.org\/fr\/publicaciones\/2021-el-museo-oculto-nuevas-propuestas-de-almacenaje-y-conservacion\/\" aria-label=\"2021- Le mus\u00e9e cach\u00e9. Nouvelles propositions pour le stockage et la conservation\"><img decoding=\"async\" width=\"300\" height=\"211\" data-src=\"https:\/\/albayalde.org\/wp-content\/uploads\/2024\/05\/Obra-de-agosto_21-300x211.jpg\" class=\"attachment-medium size-medium wp-post-image lazyload\" alt=\"\" src=\"data:image\/svg+xml;base64,PHN2ZyB3aWR0aD0iMSIgaGVpZ2h0PSIxIiB4bWxucz0iaHR0cDovL3d3dy53My5vcmcvMjAwMC9zdmciPjwvc3ZnPg==\" style=\"--smush-placeholder-width: 300px; --smush-placeholder-aspect-ratio: 300\/211;\"><\/a><div style=\"padding-bottom:133.3333%\"><\/div><\/div><p class=\"w-post-elm post_title usg_post_title_1 has_text_color align_center entry-title color_link_inherit\"><a href=\"https:\/\/albayalde.org\/fr\/publicaciones\/2021-el-museo-oculto-nuevas-propuestas-de-almacenaje-y-conservacion\/\">2021- Le mus\u00e9e cach\u00e9. Nouvelles propositions pour le stockage et la conservation<\/a><\/p><\/div>\t\t<\/div>\r\n\t\t\t<\/article>\r\n\t<article class=\"w-grid-item size_1x1 post-3800 publicaciones type-publicaciones status-publish has-post-thumbnail hentry\" data-id=\"3800\">\r\n\t\t<div class=\"w-grid-item-h\">\r\n\t\t\t\t\t\t<div class=\"w-vwrapper usg_vwrapper_1 align_center valign_top\"><div class=\"w-post-elm post_image usg_post_image_1 has_ratio\"><a href=\"https:\/\/albayalde.org\/fr\/publicaciones\/flesh-gold-and-wood-sciencia-artis-compte-rendu\/\" aria-label=\"2021 &#8211; Flesh, Gold and Wood (Sciencia Artis). Compte rendu\"><img decoding=\"async\" width=\"210\" height=\"300\" data-src=\"https:\/\/albayalde.org\/wp-content\/uploads\/2022\/02\/pu-resena.JPG\" class=\"attachment-medium size-medium wp-post-image lazyload\" alt=\"\" src=\"data:image\/svg+xml;base64,PHN2ZyB3aWR0aD0iMSIgaGVpZ2h0PSIxIiB4bWxucz0iaHR0cDovL3d3dy53My5vcmcvMjAwMC9zdmciPjwvc3ZnPg==\" style=\"--smush-placeholder-width: 210px; --smush-placeholder-aspect-ratio: 210\/300;\"><\/a><div style=\"padding-bottom:133.3333%\"><\/div><\/div><p class=\"w-post-elm post_title usg_post_title_1 has_text_color align_center entry-title color_link_inherit\"><a href=\"https:\/\/albayalde.org\/fr\/publicaciones\/flesh-gold-and-wood-sciencia-artis-compte-rendu\/\">2021 &#8211; Flesh, Gold and Wood (Sciencia Artis). Compte rendu<\/a><\/p><\/div>\t\t<\/div>\r\n\t\t\t<\/article>\r\n\t<article class=\"w-grid-item size_1x1 post-3784 publicaciones type-publicaciones status-publish has-post-thumbnail hentry\" data-id=\"3784\">\r\n\t\t<div class=\"w-grid-item-h\">\r\n\t\t\t\t\t\t<div class=\"w-vwrapper usg_vwrapper_1 align_center valign_top\"><div class=\"w-post-elm post_image usg_post_image_1 has_ratio\"><a href=\"https:\/\/albayalde.org\/fr\/publicaciones\/propuesta-metodologica-para-el-examen-registro-y-representacion-grafica-de-los-brocados-aplicados-2\/\" aria-label=\"2021 &#8211; Propuesta metodol\u00f3gica para el examen, registro y representaci\u00f3n gr\u00e1fica de los brocados aplicados\"><img decoding=\"async\" width=\"211\" height=\"238\" data-src=\"https:\/\/albayalde.org\/wp-content\/uploads\/2022\/02\/pu-mini1-e1716218547386.jpg\" class=\"attachment-medium size-medium wp-post-image lazyload\" alt=\"\" src=\"data:image\/svg+xml;base64,PHN2ZyB3aWR0aD0iMSIgaGVpZ2h0PSIxIiB4bWxucz0iaHR0cDovL3d3dy53My5vcmcvMjAwMC9zdmciPjwvc3ZnPg==\" style=\"--smush-placeholder-width: 211px; --smush-placeholder-aspect-ratio: 211\/238;\"><\/a><div style=\"padding-bottom:133.3333%\"><\/div><\/div><p class=\"w-post-elm post_title usg_post_title_1 has_text_color align_center entry-title color_link_inherit\"><a href=\"https:\/\/albayalde.org\/fr\/publicaciones\/propuesta-metodologica-para-el-examen-registro-y-representacion-grafica-de-los-brocados-aplicados-2\/\">2021 &#8211; Propuesta metodol\u00f3gica para el examen, registro y representaci\u00f3n gr\u00e1fica de los brocados aplicados<\/a><\/p><\/div>\t\t<\/div>\r\n\t\t\t<\/article>\r\n\t<article class=\"w-grid-item size_1x1 post-3792 publicaciones type-publicaciones status-publish has-post-thumbnail hentry\" data-id=\"3792\">\r\n\t\t<div class=\"w-grid-item-h\">\r\n\t\t\t\t\t\t<div class=\"w-vwrapper usg_vwrapper_1 align_center valign_top\"><div class=\"w-post-elm post_image usg_post_image_1 has_ratio\"><a href=\"https:\/\/albayalde.org\/fr\/publicaciones\/aportacion-al-mapa-del-brocado-aplicado-en-el-territorio-historico-de-gipuzkoa-nuevos-casos-filiacion-entre-modelos-y-evolucion-estilistica-2\/\" aria-label=\"2021 &#8211; Aportaci\u00f3n al mapa del brocado aplicado en el territorio hist\u00f3rico de Gipuzkoa: nuevos casos, filiaci\u00f3n entre modelos y evoluci\u00f3n estil\u00edstica\"><img decoding=\"async\" width=\"211\" height=\"300\" data-src=\"https:\/\/albayalde.org\/wp-content\/uploads\/2021\/02\/79892-211x300.jpg\" class=\"attachment-medium size-medium wp-post-image lazyload\" alt=\"\" src=\"data:image\/svg+xml;base64,PHN2ZyB3aWR0aD0iMSIgaGVpZ2h0PSIxIiB4bWxucz0iaHR0cDovL3d3dy53My5vcmcvMjAwMC9zdmciPjwvc3ZnPg==\" style=\"--smush-placeholder-width: 211px; --smush-placeholder-aspect-ratio: 211\/300;\"><\/a><div style=\"padding-bottom:133.3333%\"><\/div><\/div><p class=\"w-post-elm post_title usg_post_title_1 has_text_color align_center entry-title color_link_inherit\"><a href=\"https:\/\/albayalde.org\/fr\/publicaciones\/aportacion-al-mapa-del-brocado-aplicado-en-el-territorio-historico-de-gipuzkoa-nuevos-casos-filiacion-entre-modelos-y-evolucion-estilistica-2\/\">2021 &#8211; Aportaci\u00f3n al mapa del brocado aplicado en el territorio hist\u00f3rico de Gipuzkoa: nuevos casos, filiaci\u00f3n entre modelos y evoluci\u00f3n estil\u00edstica<\/a><\/p><\/div>\t\t<\/div>\r\n\t\t\t<\/article>\r\n<\/div>\t<div class=\"w-grid-preloader\">\r\n\t\t<div class=\"g-preloader type_1\">\r\n\t\t\t<div><\/div>\r\n\t\t<\/div>\r\n\t<\/div>\r\n\t\t\t\t<div class=\"g-loadmore \">\r\n\t\t\t\t<div class=\"g-preloader type_1\">\r\n\t\t\t\t\t<div><\/div>\r\n\t\t\t\t<\/div>\r\n\t\t\t\t<button class=\"w-btn us-btn-style_1\">\r\n\t\t\t\t\t<span class=\"w-btn-label\">Charger plus<\/span>\r\n\t\t\t\t<\/button>\r\n\t\t\t<\/div>\r\n\t\t\t\t<div class=\"w-grid-json hidden\" onclick='return {&quot;action&quot;:&quot;us_ajax_grid&quot;,&quot;infinite_scroll&quot;:true,&quot;max_num_pages&quot;:4,&quot;pagination&quot;:&quot;ajax&quot;,&quot;template_vars&quot;:{&quot;columns&quot;:&quot;4&quot;,&quot;exclude_items&quot;:&quot;none&quot;,&quot;img_size&quot;:&quot;default&quot;,&quot;ignore_items_size&quot;:0,&quot;items_layout&quot;:&quot;10042&quot;,&quot;items_offset&quot;:&quot;1&quot;,&quot;load_animation&quot;:&quot;none&quot;,&quot;overriding_link&quot;:&quot;{\\&quot;url\\&quot;:\\&quot;\\&quot;}&quot;,&quot;post_id&quot;:0,&quot;query_args&quot;:{&quot;post_type&quot;:[&quot;publicaciones&quot;],&quot;post_status&quot;:[&quot;publish&quot;,&quot;acf-disabled&quot;],&quot;posts_per_page&quot;:&quot;12&quot;},&quot;orderby_query_args&quot;:{&quot;orderby&quot;:{&quot;date&quot;:&quot;DESC&quot;}},&quot;type&quot;:&quot;grid&quot;,&quot;us_grid_post_type&quot;:&quot;publicaciones&quot;,&quot;us_grid_ajax_index&quot;:1,&quot;us_grid_filter_query_string&quot;:null,&quot;us_grid_index&quot;:1,&quot;page_args&quot;:[],&quot;lang&quot;:&quot;fr&quot;}}'><\/div>\r\n\t<\/div><\/div><\/div><\/div><\/div><\/div><\/section>\n","protected":false},"excerpt":{"rendered":"Barrio Olano , M., Berasain Salvarredi, I., Mu\u00f1iz Petralanda, J., Aldabe Gil, V. y Colado Garc\u00eda, I. (2021),\u00a0Ge-conservacion, 19(1), pp. 195-209. doi: 10.37558\/gec.v19i1.976","protected":false},"author":1,"featured_media":0,"parent":0,"menu_order":0,"comment_status":"closed","ping_status":"closed","template":"","meta":{"_acf_changed":false,"footnotes":""},"class_list":["post-4354","page","type-page","status-publish","hentry"],"acf":[],"_links":{"self":[{"href":"https:\/\/albayalde.org\/fr\/wp-json\/wp\/v2\/pages\/4354","targetHints":{"allow":["GET"]}}],"collection":[{"href":"https:\/\/albayalde.org\/fr\/wp-json\/wp\/v2\/pages"}],"about":[{"href":"https:\/\/albayalde.org\/fr\/wp-json\/wp\/v2\/types\/page"}],"author":[{"embeddable":true,"href":"https:\/\/albayalde.org\/fr\/wp-json\/wp\/v2\/users\/1"}],"replies":[{"embeddable":true,"href":"https:\/\/albayalde.org\/fr\/wp-json\/wp\/v2\/comments?post=4354"}],"version-history":[{"count":3,"href":"https:\/\/albayalde.org\/fr\/wp-json\/wp\/v2\/pages\/4354\/revisions"}],"predecessor-version":[{"id":12467,"href":"https:\/\/albayalde.org\/fr\/wp-json\/wp\/v2\/pages\/4354\/revisions\/12467"}],"wp:attachment":[{"href":"https:\/\/albayalde.org\/fr\/wp-json\/wp\/v2\/media?parent=4354"}],"curies":[{"name":"wp","href":"https:\/\/api.w.org\/{rel}","templated":true}]}}