{"id":39,"date":"2022-02-08T14:35:59","date_gmt":"2022-02-08T13:35:59","guid":{"rendered":"https:\/\/albayalde.org\/taldea\/"},"modified":"2022-03-09T13:39:34","modified_gmt":"2022-03-09T12:39:34","slug":"taldea","status":"publish","type":"page","link":"https:\/\/albayalde.org\/eu\/equipo\/taldea\/","title":{"rendered":"Taldea"},"content":{"rendered":"<section class=\"l-section wpb_row height_small\"><div class=\"l-section-h i-cf\"><div class=\"g-cols vc_row via_flex valign_top type_default stacking_default\"><div class=\"vc_col-sm-12 wpb_column vc_column_container\"><div class=\"vc_column-inner\"><div class=\"wpb_wrapper\"><h2 class=\"w-post-elm post_title us_custom_431b3237 entry-title color_link_inherit\">Taldea<\/h2><div class=\"wpb_text_column\"><div class=\"wpb_wrapper\"><p>Albayaldeko arduradun diren <u>Maite Barrio Olano<\/u> eta <u>Ion Berasain Salvarredik<\/u> heziketa akademiko zabala dute; Artearen Historian lizentziadunak izateaz gain Frantzia, Espainia eta Italiako Museologia eta Zaintze-Zaharberritze Master eta diplomak dituzte.<\/p>\n<\/div><\/div><div class=\"wpb_text_column\"><div class=\"wpb_wrapper\"><p>Gai ezberdinetako adituekin aritzen dira elkarlanean: kontserbatzaile, zaharberritzaile, arkitekto, arte-historialari, arkeologo, ingeniari, dokumentalista, dendrokronologo, kimikari eta zientzialariak, batik bat. Jakintza-alor anitzeko taldeak kudeatzen esperientzia handia dute.<\/p>\n<\/div><\/div><\/div><\/div><\/div><\/div><\/div><\/section><section class=\"l-section wpb_row height_small\"><div class=\"l-section-h i-cf\"><div class=\"g-cols vc_row via_flex valign_top type_default stacking_default\"><div class=\"vc_col-sm-6 wpb_column vc_column_container\"><div class=\"vc_column-inner\"><div class=\"wpb_wrapper\"><div class=\"wpb_text_column\"><div class=\"wpb_wrapper\"><p><strong>Maite Barrio Olano<\/strong><\/p>\n<p>Paris IV-Sorbonako Unibertsitateko Artearen Historian lizentziaduna, Arte Garaikidean espezializatua. Paris I-Pante\u00f3n-Sorbonako Unibertsitateko Zientzia Teknikoetan lizentzia, Kontserbazio espezialitatea.<\/p>\n<p>Licencia en Ciencias t\u00e9cnicas especializaci\u00f3n Conservaci\u00f3n por la Universidad de Paris I-Panth\u00e9on Sorbona.<\/p>\n<p>Florentziako Artearen Unibertsitateko (UIA) Zaharberritze diplomaduna, oihal eta ohol gaineko pinturan eta pintura murala espezialitatea.<\/p>\n<p>Florentziako Artearen Unibertsitateko (UIA) Museologiako diploma.<\/p>\n<p>Stage de formaci\u00f3n en el Instituto Real de Patrimonio Art\u00edstico de Bruselas (IRPA).<\/p>\n<p>Etengabeko formakuntza jardunaldi, ikastaro eta kongresutan.<\/p>\n<p>ICOM (International Council of Museum) eta SFIIC (IIC-eko Frantziako Saila) erakundeetako kide, GEIIC-eko (Grupo espa\u00f1ol del International Institut of Conservation) zuzendaritza-batzordearen bokala eta bere Ge-kontserbazioa aldizkariko batzorde zientifikoko kide.<\/p>\n<\/div><\/div><\/div><\/div><\/div><div class=\"vc_col-sm-6 wpb_column vc_column_container\"><div class=\"vc_column-inner\"><div class=\"wpb_wrapper\"><div class=\"wpb_text_column\"><div class=\"wpb_wrapper\"><p><strong>Ion Berasain Salvarredi<\/strong><\/p>\n<p>Madrilgo Unibertsitate Autonomoko Artearen Historian lizentziadun.<\/p>\n<p>Florentziako Artearen Unibertsitateko (UIA) Zaharberritze diplomaduna, oihal eta ohol gaineko pinturan eta pintura murala espeziaitatea.<\/p>\n<p>Florentziako Artearen Unibertsitateko (UIA) Museologiako diploma.<\/p>\n<p>Madrilgo Centro de restauraci\u00f3n de obras de arteko Zaharberritze diploma.<\/p>\n<p>Etengabeko formakuntza jardunaldi, ikastaro eta kongresutan.<\/p>\n<p>ICOM (International Council of MUseum), IIC (International Council of Museum), GEIIC (IICren espainiar saila) eta Eusko Ikaskuntzako kide.<\/p>\n<\/div><\/div><\/div><\/div><\/div><\/div><\/div><\/section>\n","protected":false},"excerpt":{"rendered":"TaldeaAlbayaldeko arduradun diren Maite Barrio Olano eta Ion Berasain Salvarredik heziketa akademiko zabala dute; Artearen Historian lizentziadunak izateaz gain Frantzia, Espainia eta Italiako Museologia eta Zaintze-Zaharberritze Master eta diplomak dituzte. Gai ezberdinetako adituekin aritzen dira elkarlanean: kontserbatzaile, zaharberritzaile, arkitekto, arte-historialari, arkeologo, ingeniari, dokumentalista, dendrokronologo, kimikari eta zientzialariak, batik bat. Jakintza-alor anitzeko taldeak kudeatzen esperientzia handia...","protected":false},"author":1,"featured_media":0,"parent":34,"menu_order":0,"comment_status":"closed","ping_status":"closed","template":"","meta":{"_acf_changed":false,"footnotes":""},"class_list":["post-39","page","type-page","status-publish","hentry"],"acf":[],"_links":{"self":[{"href":"https:\/\/albayalde.org\/eu\/wp-json\/wp\/v2\/pages\/39","targetHints":{"allow":["GET"]}}],"collection":[{"href":"https:\/\/albayalde.org\/eu\/wp-json\/wp\/v2\/pages"}],"about":[{"href":"https:\/\/albayalde.org\/eu\/wp-json\/wp\/v2\/types\/page"}],"author":[{"embeddable":true,"href":"https:\/\/albayalde.org\/eu\/wp-json\/wp\/v2\/users\/1"}],"replies":[{"embeddable":true,"href":"https:\/\/albayalde.org\/eu\/wp-json\/wp\/v2\/comments?post=39"}],"version-history":[{"count":7,"href":"https:\/\/albayalde.org\/eu\/wp-json\/wp\/v2\/pages\/39\/revisions"}],"predecessor-version":[{"id":10004,"href":"https:\/\/albayalde.org\/eu\/wp-json\/wp\/v2\/pages\/39\/revisions\/10004"}],"up":[{"embeddable":true,"href":"https:\/\/albayalde.org\/eu\/wp-json\/wp\/v2\/pages\/34"}],"wp:attachment":[{"href":"https:\/\/albayalde.org\/eu\/wp-json\/wp\/v2\/media?parent=39"}],"curies":[{"name":"wp","href":"https:\/\/api.w.org\/{rel}","templated":true}]}}